{"id":2564,"date":"2025-10-31T06:40:08","date_gmt":"2025-10-31T06:40:08","guid":{"rendered":"https:\/\/delifumh.com\/?page_id=2564"},"modified":"2026-04-14T17:39:52","modified_gmt":"2026-04-14T09:39:52","slug":"neue-liste","status":"publish","type":"page","link":"https:\/\/liftronmh.com\/de\/newlist\/","title":{"rendered":"neue Liste"},"content":{"rendered":"<div data-elementor-type=\"wp-page\" data-elementor-id=\"2564\" class=\"elementor elementor-2564\" data-elementor-post-type=\"page\">\n\t\t\t\t<div class=\"elementor-element elementor-element-79caac0a e-con-full e-flex e-con e-parent\" data-id=\"79caac0a\" data-element_type=\"container\" data-e-type=\"container\" data-settings=\"{&quot;background_background&quot;:&quot;classic&quot;}\">\n\t\t\t\t<\/div>\n\t\t<div class=\"elementor-element elementor-element-1683eb82 e-con-full e-flex e-con e-parent\" data-id=\"1683eb82\" data-element_type=\"container\" data-e-type=\"container\" data-settings=\"{&quot;background_background&quot;:&quot;gradient&quot;}\">\n\t\t\t\t<div class=\"elementor-element elementor-element-6510917f elementor-widget elementor-widget-heading\" data-id=\"6510917f\" data-element_type=\"widget\" data-e-type=\"widget\" data-widget_type=\"heading.default\">\n\t\t\t\t\t<h1 class=\"elementor-heading-title elementor-size-default\">Nachrichten &amp; Ereignisse<\/h1>\t\t\t\t<\/div>\n\t\t\t\t<\/div>\n\t\t<div class=\"elementor-element elementor-element-6d9c8ba0 e-con-full e-flex e-con e-parent\" data-id=\"6d9c8ba0\" data-element_type=\"container\" data-e-type=\"container\" data-settings=\"{&quot;background_background&quot;:&quot;classic&quot;}\">\n\t\t\t\t<\/div>\n\t\t<div class=\"elementor-element elementor-element-8790a3b e-flex e-con-boxed e-con e-parent\" data-id=\"8790a3b\" data-element_type=\"container\" data-e-type=\"container\" data-settings=\"{&quot;background_background&quot;:&quot;classic&quot;}\">\n\t\t\t\t\t<div class=\"e-con-inner\">\n\t\t\t\t<div class=\"elementor-element elementor-element-f97232e elementor-grid-1 elementor-posts--thumbnail-left elementor-grid-tablet-2 elementor-grid-mobile-1 elementor-widget elementor-widget-posts\" data-id=\"f97232e\" data-element_type=\"widget\" data-e-type=\"widget\" data-settings=\"{&quot;classic_columns&quot;:&quot;1&quot;,&quot;pagination_type&quot;:&quot;numbers_and_prev_next&quot;,&quot;classic_columns_tablet&quot;:&quot;2&quot;,&quot;classic_columns_mobile&quot;:&quot;1&quot;,&quot;classic_row_gap&quot;:{&quot;unit&quot;:&quot;px&quot;,&quot;size&quot;:35,&quot;sizes&quot;:[]},&quot;classic_row_gap_tablet&quot;:{&quot;unit&quot;:&quot;px&quot;,&quot;size&quot;:&quot;&quot;,&quot;sizes&quot;:[]},&quot;classic_row_gap_mobile&quot;:{&quot;unit&quot;:&quot;px&quot;,&quot;size&quot;:&quot;&quot;,&quot;sizes&quot;:[]}}\" data-widget_type=\"posts.classic\">\n\t\t\t\t<div class=\"elementor-widget-container\">\n\t\t\t\t\t\t\t<div class=\"elementor-posts-container elementor-posts elementor-posts--skin-classic elementor-grid\" role=\"list\">\n\t\t\t\t<article class=\"elementor-post elementor-grid-item post-5754 post type-post status-publish format-standard has-post-thumbnail hentry category-blog\" role=\"listitem\">\n\t\t\t\t<a class=\"elementor-post__thumbnail__link\" href=\"https:\/\/liftronmh.com\/de\/the-history-of-forklifts-form-manual-labor-to-modern-material-handling\/\" tabindex=\"-1\" target=\"&quot;_blank&quot;\">\n\t\t\t<div class=\"elementor-post__thumbnail\"><img fetchpriority=\"high\" decoding=\"async\" width=\"1600\" height=\"900\" src=\"https:\/\/liftronmh.com\/wp-content\/uploads\/2026\/04\/755927dfa604d0954ebcd245432e4c0a.png\" class=\"attachment-full size-full wp-image-5761\" alt=\"\" srcset=\"https:\/\/liftronmh.com\/wp-content\/uploads\/2026\/04\/755927dfa604d0954ebcd245432e4c0a.png 1600w, https:\/\/liftronmh.com\/wp-content\/uploads\/2026\/04\/755927dfa604d0954ebcd245432e4c0a-300x169.png 300w, https:\/\/liftronmh.com\/wp-content\/uploads\/2026\/04\/755927dfa604d0954ebcd245432e4c0a-1024x576.png 1024w, https:\/\/liftronmh.com\/wp-content\/uploads\/2026\/04\/755927dfa604d0954ebcd245432e4c0a-768x432.png 768w, https:\/\/liftronmh.com\/wp-content\/uploads\/2026\/04\/755927dfa604d0954ebcd245432e4c0a-1536x864.png 1536w, https:\/\/liftronmh.com\/wp-content\/uploads\/2026\/04\/755927dfa604d0954ebcd245432e4c0a-18x10.png 18w\" sizes=\"(max-width: 1600px) 100vw, 1600px\" \/><\/div>\n\t\t<\/a>\n\t\t\t\t<div class=\"elementor-post__text\">\n\t\t\t\t<h3 class=\"elementor-post__title\">\n\t\t\t<a href=\"https:\/\/liftronmh.com\/de\/the-history-of-forklifts-form-manual-labor-to-modern-material-handling\/\" target=\"&quot;_blank&quot;\">\n\t\t\t\tDie Geschichte der Gabelstapler: Von der Handarbeit zum modernen Materialtransport\t\t\t<\/a>\n\t\t<\/h3>\n\t\t\t\t<div class=\"elementor-post__meta-data\">\n\t\t\t\t\t<span class=\"elementor-post-date\">\n\t\t\t8. April 2026\t\t<\/span>\n\t\t\t\t<\/div>\n\t\t\t\t<div class=\"elementor-post__excerpt\">\n\t\t\t<p>Entdecken Sie, wie sich Gabelstapler zu den heutigen elektrischen L\u00f6sungen entwickelt haben. Erfahren Sie die wichtigsten Meilensteine und warum Lithium-Gabelstapler die Zukunft des Materialtransports sind.<\/p>\n\t\t<\/div>\n\t\t\n\t\t<a class=\"elementor-post__read-more\" href=\"https:\/\/liftronmh.com\/de\/the-history-of-forklifts-form-manual-labor-to-modern-material-handling\/\" aria-label=\"Read more about The History of Forklifts: From Manual Labor to Modern Material Handling\" tabindex=\"-1\" target=\"_blank\">\n\t\t\tMehr lesen \u00bb\t\t<\/a>\n\n\t\t\t\t<\/div>\n\t\t\t\t<\/article>\n\t\t\t\t<article class=\"elementor-post elementor-grid-item post-5720 post type-post status-publish format-standard has-post-thumbnail hentry category-blog\" role=\"listitem\">\n\t\t\t\t<a class=\"elementor-post__thumbnail__link\" href=\"https:\/\/liftronmh.com\/de\/electric-vs-diesel-forklifts-which-is-right-for-you\/\" tabindex=\"-1\" target=\"&quot;_blank&quot;\">\n\t\t\t<div class=\"elementor-post__thumbnail\"><img decoding=\"async\" width=\"412\" height=\"262\" src=\"https:\/\/liftronmh.com\/wp-content\/uploads\/2026\/03\/electric-forklift.jpg\" class=\"attachment-full size-full wp-image-5724\" alt=\"\" srcset=\"https:\/\/liftronmh.com\/wp-content\/uploads\/2026\/03\/electric-forklift.jpg 412w, https:\/\/liftronmh.com\/wp-content\/uploads\/2026\/03\/electric-forklift-300x191.jpg 300w\" sizes=\"(max-width: 412px) 100vw, 412px\" \/><\/div>\n\t\t<\/a>\n\t\t\t\t<div class=\"elementor-post__text\">\n\t\t\t\t<h3 class=\"elementor-post__title\">\n\t\t\t<a href=\"https:\/\/liftronmh.com\/de\/electric-vs-diesel-forklifts-which-is-right-for-you\/\" target=\"&quot;_blank&quot;\">\n\t\t\t\tElektro- vs. Diesel-Gabelstapler: Was ist das Richtige f\u00fcr Sie?\t\t\t<\/a>\n\t\t<\/h3>\n\t\t\t\t<div class=\"elementor-post__meta-data\">\n\t\t\t\t\t<span class=\"elementor-post-date\">\n\t\t\tM\u00e4rz 31, 2026\t\t<\/span>\n\t\t\t\t<\/div>\n\t\t\t\t<div class=\"elementor-post__excerpt\">\n\t\t\t<p>Die Entscheidung zwischen Elektro- und Dieselstaplern h\u00e4ngt von Ihrem Arbeitsumfeld, Ihren Lastanforderungen und Ihren langfristigen Betriebszielen ab. Heutzutage bewerten Unternehmen zunehmend nicht nur die Leistung, sondern auch die Effizienz, die Nachhaltigkeit und den gesamten Lebenszykluswert.<\/p>\n\t\t<\/div>\n\t\t\n\t\t<a class=\"elementor-post__read-more\" href=\"https:\/\/liftronmh.com\/de\/electric-vs-diesel-forklifts-which-is-right-for-you\/\" aria-label=\"Read more about Electric vs. Diesel Forklifts: Which Is Right For You?\" tabindex=\"-1\" target=\"_blank\">\n\t\t\tMehr lesen \u00bb\t\t<\/a>\n\n\t\t\t\t<\/div>\n\t\t\t\t<\/article>\n\t\t\t\t<article class=\"elementor-post elementor-grid-item post-5227 post type-post status-publish format-standard has-post-thumbnail hentry category-blog\" role=\"listitem\">\n\t\t\t\t<a class=\"elementor-post__thumbnail__link\" href=\"https:\/\/liftronmh.com\/de\/electric-vs-gas-forklifts-which-one-should-you-choose\/\" tabindex=\"-1\" target=\"&quot;_blank&quot;\">\n\t\t\t<div class=\"elementor-post__thumbnail\"><img decoding=\"async\" width=\"1024\" height=\"692\" src=\"https:\/\/liftronmh.com\/wp-content\/uploads\/2026\/03\/liftron-electric-forklift.jpg\" class=\"attachment-full size-full wp-image-5230\" alt=\"\" srcset=\"https:\/\/liftronmh.com\/wp-content\/uploads\/2026\/03\/liftron-electric-forklift.jpg 1024w, https:\/\/liftronmh.com\/wp-content\/uploads\/2026\/03\/liftron-electric-forklift-300x203.jpg 300w, https:\/\/liftronmh.com\/wp-content\/uploads\/2026\/03\/liftron-electric-forklift-768x519.jpg 768w\" sizes=\"(max-width: 1024px) 100vw, 1024px\" \/><\/div>\n\t\t<\/a>\n\t\t\t\t<div class=\"elementor-post__text\">\n\t\t\t\t<h3 class=\"elementor-post__title\">\n\t\t\t<a href=\"https:\/\/liftronmh.com\/de\/electric-vs-gas-forklifts-which-one-should-you-choose\/\" target=\"&quot;_blank&quot;\">\n\t\t\t\tElektro- vs. Gas-Gabelstapler: Welchen sollten Sie w\u00e4hlen?\t\t\t<\/a>\n\t\t<\/h3>\n\t\t\t\t<div class=\"elementor-post__meta-data\">\n\t\t\t\t\t<span class=\"elementor-post-date\">\n\t\t\tM\u00e4rz 9, 2026\t\t<\/span>\n\t\t\t\t<\/div>\n\t\t\t\t<div class=\"elementor-post__excerpt\">\n\t\t\t<p>Vergleichen Sie Elektro- und Benzin-Gabelstapler in Bezug auf Kosten, Leistung, Wartung und Einsatzm\u00f6glichkeiten. Erfahren Sie, welcher Gabelstaplertyp sich am besten f\u00fcr Ihr Lager oder Ihren Logistikbetrieb eignet.<\/p>\n\t\t<\/div>\n\t\t\n\t\t<a class=\"elementor-post__read-more\" href=\"https:\/\/liftronmh.com\/de\/electric-vs-gas-forklifts-which-one-should-you-choose\/\" aria-label=\"Read more about Electric vs. Gas Forklifts: Which One Should You Choose?\" tabindex=\"-1\" target=\"_blank\">\n\t\t\tMehr lesen \u00bb\t\t<\/a>\n\n\t\t\t\t<\/div>\n\t\t\t\t<\/article>\n\t\t\t\t<article class=\"elementor-post elementor-grid-item post-381 post type-post status-publish format-standard has-post-thumbnail hentry category-news-product-solutions\" role=\"listitem\">\n\t\t\t\t<a class=\"elementor-post__thumbnail__link\" href=\"https:\/\/liftronmh.com\/de\/how-to-extend-the-lifespan-of-your-forklift-fleet\/\" tabindex=\"-1\" target=\"&quot;_blank&quot;\">\n\t\t\t<div class=\"elementor-post__thumbnail\"><img loading=\"lazy\" decoding=\"async\" width=\"600\" height=\"660\" src=\"https:\/\/liftronmh.com\/wp-content\/uploads\/2025\/07\/Service-module-Service-and-Spare-Parts.jpg\" class=\"attachment-full size-full wp-image-114\" alt=\"\" srcset=\"https:\/\/liftronmh.com\/wp-content\/uploads\/2025\/07\/Service-module-Service-and-Spare-Parts.jpg 600w, https:\/\/liftronmh.com\/wp-content\/uploads\/2025\/07\/Service-module-Service-and-Spare-Parts-273x300.jpg 273w\" sizes=\"(max-width: 600px) 100vw, 600px\" \/><\/div>\n\t\t<\/a>\n\t\t\t\t<div class=\"elementor-post__text\">\n\t\t\t\t<h3 class=\"elementor-post__title\">\n\t\t\t<a href=\"https:\/\/liftronmh.com\/de\/how-to-extend-the-lifespan-of-your-forklift-fleet\/\" target=\"&quot;_blank&quot;\">\n\t\t\t\tWie Sie die Lebensdauer Ihrer Gabelstaplerflotte verl\u00e4ngern k\u00f6nnen\t\t\t<\/a>\n\t\t<\/h3>\n\t\t\t\t<div class=\"elementor-post__meta-data\">\n\t\t\t\t\t<span class=\"elementor-post-date\">\n\t\t\tJuli 25, 2025\t\t<\/span>\n\t\t\t\t<\/div>\n\t\t\t\t<div class=\"elementor-post__excerpt\">\n\t\t\t<p>Einleitung: Eine gesunde Gabelstaplerflotte ist entscheidend f\u00fcr einen reibungslosen Lagerbetrieb. St\u00e4ndige Abnutzung kann jedoch zu vorzeitiger Alterung und verminderter Effizienz f\u00fchren. In diesem Leitfaden stellen wir Ihnen praktische Tipps vor, mit denen Sie die Lebensdauer Ihrer Gabelstaplerflotte verl\u00e4ngern und eine optimale Leistung und Langlebigkeit sicherstellen k\u00f6nnen. Regelm\u00e4\u00dfige Wartungsroutine: Einf\u00fchrung einer<\/p>\n\t\t<\/div>\n\t\t\n\t\t<a class=\"elementor-post__read-more\" href=\"https:\/\/liftronmh.com\/de\/how-to-extend-the-lifespan-of-your-forklift-fleet\/\" aria-label=\"Read more about How to Extend the Lifespan of Your Forklift Fleet\" tabindex=\"-1\" target=\"_blank\">\n\t\t\tMehr lesen \u00bb\t\t<\/a>\n\n\t\t\t\t<\/div>\n\t\t\t\t<\/article>\n\t\t\t\t<article class=\"elementor-post elementor-grid-item post-379 post type-post status-publish format-standard has-post-thumbnail hentry category-news-product-solutions\" role=\"listitem\">\n\t\t\t\t<a class=\"elementor-post__thumbnail__link\" href=\"https:\/\/liftronmh.com\/de\/safety-first-essential-forklift-safety-practices-every-operator-should-know\/\" tabindex=\"-1\" target=\"&quot;_blank&quot;\">\n\t\t\t<div class=\"elementor-post__thumbnail\"><img loading=\"lazy\" decoding=\"async\" width=\"1053\" height=\"712\" src=\"https:\/\/liftronmh.com\/wp-content\/uploads\/2025\/12\/DD-color-bg.jpg\" class=\"attachment-full size-full wp-image-4334\" alt=\"\" srcset=\"https:\/\/liftronmh.com\/wp-content\/uploads\/2025\/12\/DD-color-bg.jpg 1053w, https:\/\/liftronmh.com\/wp-content\/uploads\/2025\/12\/DD-color-bg-300x203.jpg 300w, https:\/\/liftronmh.com\/wp-content\/uploads\/2025\/12\/DD-color-bg-1024x692.jpg 1024w, https:\/\/liftronmh.com\/wp-content\/uploads\/2025\/12\/DD-color-bg-768x519.jpg 768w\" sizes=\"(max-width: 1053px) 100vw, 1053px\" \/><\/div>\n\t\t<\/a>\n\t\t\t\t<div class=\"elementor-post__text\">\n\t\t\t\t<h3 class=\"elementor-post__title\">\n\t\t\t<a href=\"https:\/\/liftronmh.com\/de\/safety-first-essential-forklift-safety-practices-every-operator-should-know\/\" target=\"&quot;_blank&quot;\">\n\t\t\t\tSicherheit geht vor: Grundlegende Sicherheitspraktiken f\u00fcr Gabelstapler, die jeder Bediener kennen sollte\t\t\t<\/a>\n\t\t<\/h3>\n\t\t\t\t<div class=\"elementor-post__meta-data\">\n\t\t\t\t\t<span class=\"elementor-post-date\">\n\t\t\tJuli 25, 2025\t\t<\/span>\n\t\t\t\t<\/div>\n\t\t\t\t<div class=\"elementor-post__excerpt\">\n\t\t\t<p>Proaktiver Austausch von Teilen: Bestimmte Komponenten von Gabelstaplern unterliegen mit der Zeit einem Verschlei\u00df. Ersetzen Sie diese Teile proaktiv, bevor sie ausfallen, um Ausfallzeiten und kostspielige Reparaturen zu vermeiden. Zu den Komponenten, die h\u00e4ufig ersetzt werden m\u00fcssen, geh\u00f6ren Reifen, Bremsen, Hydraulikschl\u00e4uche und Lager. F\u00fchren Sie ein detailliertes Wartungsprotokoll, um die Lebensdauer der Komponenten zu verfolgen.<\/p>\n\t\t<\/div>\n\t\t\n\t\t<a class=\"elementor-post__read-more\" href=\"https:\/\/liftronmh.com\/de\/safety-first-essential-forklift-safety-practices-every-operator-should-know\/\" aria-label=\"Read more about Safety First: Essential Forklift Safety Practices Every Operator Should Know\" tabindex=\"-1\" target=\"_blank\">\n\t\t\tMehr lesen \u00bb\t\t<\/a>\n\n\t\t\t\t<\/div>\n\t\t\t\t<\/article>\n\t\t\t\t<article class=\"elementor-post elementor-grid-item post-376 post type-post status-publish format-standard has-post-thumbnail hentry category-news-technology-innovation\" role=\"listitem\">\n\t\t\t\t<a class=\"elementor-post__thumbnail__link\" href=\"https:\/\/liftronmh.com\/de\/the-role-of-forklift-technology-in-modern-warehousing\/\" tabindex=\"-1\" target=\"&quot;_blank&quot;\">\n\t\t\t<div class=\"elementor-post__thumbnail\"><img loading=\"lazy\" decoding=\"async\" width=\"900\" height=\"900\" src=\"https:\/\/liftronmh.com\/wp-content\/uploads\/2025\/07\/Questions-module.jpg\" class=\"attachment-full size-full wp-image-284\" alt=\"\" srcset=\"https:\/\/liftronmh.com\/wp-content\/uploads\/2025\/07\/Questions-module.jpg 900w, https:\/\/liftronmh.com\/wp-content\/uploads\/2025\/07\/Questions-module-300x300.jpg 300w, https:\/\/liftronmh.com\/wp-content\/uploads\/2025\/07\/Questions-module-150x150.jpg 150w, https:\/\/liftronmh.com\/wp-content\/uploads\/2025\/07\/Questions-module-768x768.jpg 768w, https:\/\/liftronmh.com\/wp-content\/uploads\/2025\/07\/Questions-module-600x600.jpg 600w, https:\/\/liftronmh.com\/wp-content\/uploads\/2025\/07\/Questions-module-100x100.jpg 100w\" sizes=\"(max-width: 900px) 100vw, 900px\" \/><\/div>\n\t\t<\/a>\n\t\t\t\t<div class=\"elementor-post__text\">\n\t\t\t\t<h3 class=\"elementor-post__title\">\n\t\t\t<a href=\"https:\/\/liftronmh.com\/de\/the-role-of-forklift-technology-in-modern-warehousing\/\" target=\"&quot;_blank&quot;\">\n\t\t\t\tDie Rolle der Gabelstaplertechnologie in der modernen Lagerhaltung\t\t\t<\/a>\n\t\t<\/h3>\n\t\t\t\t<div class=\"elementor-post__meta-data\">\n\t\t\t\t\t<span class=\"elementor-post-date\">\n\t\t\tJuli 25, 2025\t\t<\/span>\n\t\t\t\t<\/div>\n\t\t\t\t<div class=\"elementor-post__excerpt\">\n\t\t\t<p>Da die Technologie immer weiter voranschreitet, setzen moderne Lagerh\u00e4user auf innovative L\u00f6sungen zur Verbesserung von Effizienz, Sicherheit und Produktivit\u00e4t. Auch Gabelstapler, die f\u00fcr den Materialtransport in Lagern unerl\u00e4sslich sind, profitieren von den technologischen Fortschritten. In diesem Beitrag werden wir die sich entwickelnde Rolle der Gabelstaplertechnologie in der modernen Lagerhaltung und ihre Auswirkungen auf den Betrieb untersuchen. Regelm\u00e4\u00dfig<\/p>\n\t\t<\/div>\n\t\t\n\t\t<a class=\"elementor-post__read-more\" href=\"https:\/\/liftronmh.com\/de\/the-role-of-forklift-technology-in-modern-warehousing\/\" aria-label=\"Read more about The Role of Forklift Technology in Modern Warehousing\" tabindex=\"-1\" target=\"_blank\">\n\t\t\tMehr lesen \u00bb\t\t<\/a>\n\n\t\t\t\t<\/div>\n\t\t\t\t<\/article>\n\t\t\t\t<article class=\"elementor-post elementor-grid-item post-1 post type-post status-publish format-standard has-post-thumbnail hentry category-news-product-solutions\" role=\"listitem\">\n\t\t\t\t<a class=\"elementor-post__thumbnail__link\" href=\"https:\/\/liftronmh.com\/de\/top-10-factors-to-consider-when-buying-a-forklift\/\" tabindex=\"-1\" target=\"&quot;_blank&quot;\">\n\t\t\t<div class=\"elementor-post__thumbnail\"><img loading=\"lazy\" decoding=\"async\" width=\"503\" height=\"501\" src=\"https:\/\/liftronmh.com\/wp-content\/uploads\/2025\/07\/KNOW-US-module-01.jpg\" class=\"attachment-full size-full wp-image-168\" alt=\"\" srcset=\"https:\/\/liftronmh.com\/wp-content\/uploads\/2025\/07\/KNOW-US-module-01.jpg 503w, https:\/\/liftronmh.com\/wp-content\/uploads\/2025\/07\/KNOW-US-module-01-300x300.jpg 300w, https:\/\/liftronmh.com\/wp-content\/uploads\/2025\/07\/KNOW-US-module-01-150x150.jpg 150w, https:\/\/liftronmh.com\/wp-content\/uploads\/2025\/07\/KNOW-US-module-01-100x100.jpg 100w\" sizes=\"(max-width: 503px) 100vw, 503px\" \/><\/div>\n\t\t<\/a>\n\t\t\t\t<div class=\"elementor-post__text\">\n\t\t\t\t<h3 class=\"elementor-post__title\">\n\t\t\t<a href=\"https:\/\/liftronmh.com\/de\/top-10-factors-to-consider-when-buying-a-forklift\/\" target=\"&quot;_blank&quot;\">\n\t\t\t\tTop 10 Faktoren, die Sie beim Kauf eines Gabelstaplers ber\u00fccksichtigen sollten\t\t\t<\/a>\n\t\t<\/h3>\n\t\t\t\t<div class=\"elementor-post__meta-data\">\n\t\t\t\t\t<span class=\"elementor-post-date\">\n\t\t\tJuli 23, 2025\t\t<\/span>\n\t\t\t\t<\/div>\n\t\t\t\t<div class=\"elementor-post__excerpt\">\n\t\t\t<p>Da die Technologie immer weiter voranschreitet, setzen moderne Lagerh\u00e4user auf innovative L\u00f6sungen zur Verbesserung von Effizienz, Sicherheit und Produktivit\u00e4t. Auch Gabelstapler, die f\u00fcr den Materialtransport in Lagern unerl\u00e4sslich sind, profitieren von den technologischen Fortschritten. In diesem Beitrag werden wir die sich entwickelnde Rolle der Gabelstaplertechnologie in der modernen Lagerhaltung und ihre Auswirkungen auf den Betrieb untersuchen. Regelm\u00e4\u00dfig<\/p>\n\t\t<\/div>\n\t\t\n\t\t<a class=\"elementor-post__read-more\" href=\"https:\/\/liftronmh.com\/de\/top-10-factors-to-consider-when-buying-a-forklift\/\" aria-label=\"Read more about Top 10 Factors to Consider When Buying a Forklift\" tabindex=\"-1\" target=\"_blank\">\n\t\t\tMehr lesen \u00bb\t\t<\/a>\n\n\t\t\t\t<\/div>\n\t\t\t\t<\/article>\n\t\t\t\t<\/div>\n\t\t\n\t\t\t\t\t\t<\/div>\n\t\t\t\t<\/div>\n\t\t\t\t\t<\/div>\n\t\t\t\t<\/div>\n\t\t\t\t<\/div>","protected":false},"excerpt":{"rendered":"<p>Nachrichten &amp; Ereignisse<\/p>","protected":false},"author":2,"featured_media":0,"parent":0,"menu_order":0,"comment_status":"closed","ping_status":"closed","template":"","meta":{"site-sidebar-layout":"no-sidebar","site-content-layout":"","ast-site-content-layout":"full-width-container","site-content-style":"default","site-sidebar-style":"default","ast-global-header-display":"","ast-banner-title-visibility":"","ast-main-header-display":"","ast-hfb-above-header-display":"","ast-hfb-below-header-display":"","ast-hfb-mobile-header-display":"","site-post-title":"disabled","ast-breadcrumbs-content":"","ast-featured-img":"disabled","footer-sml-layout":"","ast-disable-related-posts":"","theme-transparent-header-meta":"","adv-header-id-meta":"","stick-header-meta":"","header-above-stick-meta":"","header-main-stick-meta":"","header-below-stick-meta":"","astra-migrate-meta-layouts":"default","ast-page-background-enabled":"default","ast-page-background-meta":{"desktop":{"background-color":"var(--ast-global-color-5)","background-image":"","background-repeat":"repeat","background-position":"center center","background-size":"auto","background-attachment":"scroll","background-type":"","background-media":"","overlay-type":"","overlay-color":"","overlay-opacity":"","overlay-gradient":""},"tablet":{"background-color":"","background-image":"","background-repeat":"repeat","background-position":"center center","background-size":"auto","background-attachment":"scroll","background-type":"","background-media":"","overlay-type":"","overlay-color":"","overlay-opacity":"","overlay-gradient":""},"mobile":{"background-color":"","background-image":"","background-repeat":"repeat","background-position":"center center","background-size":"auto","background-attachment":"scroll","background-type":"","background-media":"","overlay-type":"","overlay-color":"","overlay-opacity":"","overlay-gradient":""}},"ast-content-background-meta":{"desktop":{"background-color":"var(--ast-global-color-4)","background-image":"","background-repeat":"repeat","background-position":"center center","background-size":"auto","background-attachment":"scroll","background-type":"","background-media":"","overlay-type":"","overlay-color":"","overlay-opacity":"","overlay-gradient":""},"tablet":{"background-color":"var(--ast-global-color-4)","background-image":"","background-repeat":"repeat","background-position":"center center","background-size":"auto","background-attachment":"scroll","background-type":"","background-media":"","overlay-type":"","overlay-color":"","overlay-opacity":"","overlay-gradient":""},"mobile":{"background-color":"var(--ast-global-color-4)","background-image":"","background-repeat":"repeat","background-position":"center center","background-size":"auto","background-attachment":"scroll","background-type":"","background-media":"","overlay-type":"","overlay-color":"","overlay-opacity":"","overlay-gradient":""}},"footnotes":""},"class_list":["post-2564","page","type-page","status-publish","hentry"],"_links":{"self":[{"href":"https:\/\/liftronmh.com\/de\/wp-json\/wp\/v2\/pages\/2564","targetHints":{"allow":["GET"]}}],"collection":[{"href":"https:\/\/liftronmh.com\/de\/wp-json\/wp\/v2\/pages"}],"about":[{"href":"https:\/\/liftronmh.com\/de\/wp-json\/wp\/v2\/types\/page"}],"author":[{"embeddable":true,"href":"https:\/\/liftronmh.com\/de\/wp-json\/wp\/v2\/users\/2"}],"replies":[{"embeddable":true,"href":"https:\/\/liftronmh.com\/de\/wp-json\/wp\/v2\/comments?post=2564"}],"version-history":[{"count":73,"href":"https:\/\/liftronmh.com\/de\/wp-json\/wp\/v2\/pages\/2564\/revisions"}],"predecessor-version":[{"id":5962,"href":"https:\/\/liftronmh.com\/de\/wp-json\/wp\/v2\/pages\/2564\/revisions\/5962"}],"wp:attachment":[{"href":"https:\/\/liftronmh.com\/de\/wp-json\/wp\/v2\/media?parent=2564"}],"curies":[{"name":"wp","href":"https:\/\/api.w.org\/{rel}","templated":true}]}}