{"id":2564,"date":"2025-10-31T06:40:08","date_gmt":"2025-10-31T06:40:08","guid":{"rendered":"https:\/\/delifumh.com\/?page_id=2564"},"modified":"2026-03-02T08:31:48","modified_gmt":"2026-03-02T00:31:48","slug":"newlist","status":"publish","type":"page","link":"https:\/\/liftronmh.com\/es\/newlist\/","title":{"rendered":"newlist"},"content":{"rendered":"<div data-elementor-type=\"wp-page\" data-elementor-id=\"2564\" class=\"elementor elementor-2564\" data-elementor-post-type=\"page\">\n\t\t\t\t<div class=\"elementor-element elementor-element-79caac0a e-con-full e-flex e-con e-parent\" data-id=\"79caac0a\" data-element_type=\"container\" data-e-type=\"container\" data-settings=\"{&quot;background_background&quot;:&quot;classic&quot;}\">\n\t\t\t\t<\/div>\n\t\t<div class=\"elementor-element elementor-element-1683eb82 e-con-full e-flex e-con e-parent\" data-id=\"1683eb82\" data-element_type=\"container\" data-e-type=\"container\" data-settings=\"{&quot;background_background&quot;:&quot;gradient&quot;}\">\n\t\t\t\t<div class=\"elementor-element elementor-element-6510917f elementor-widget elementor-widget-heading\" data-id=\"6510917f\" data-element_type=\"widget\" data-e-type=\"widget\" data-widget_type=\"heading.default\">\n\t\t\t\t\t<h1 class=\"elementor-heading-title elementor-size-default\">Noticias y eventos<\/h1>\t\t\t\t<\/div>\n\t\t\t\t<\/div>\n\t\t<div class=\"elementor-element elementor-element-6d9c8ba0 e-con-full e-flex e-con e-parent\" data-id=\"6d9c8ba0\" data-element_type=\"container\" data-e-type=\"container\" data-settings=\"{&quot;background_background&quot;:&quot;classic&quot;}\">\n\t\t\t\t<\/div>\n\t\t<div class=\"elementor-element elementor-element-8790a3b e-flex e-con-boxed e-con e-parent\" data-id=\"8790a3b\" data-element_type=\"container\" data-e-type=\"container\" data-settings=\"{&quot;background_background&quot;:&quot;classic&quot;}\">\n\t\t\t\t\t<div class=\"e-con-inner\">\n\t\t\t\t<div class=\"elementor-element elementor-element-f97232e elementor-grid-1 elementor-posts--thumbnail-left elementor-grid-tablet-2 elementor-grid-mobile-1 elementor-widget elementor-widget-posts\" data-id=\"f97232e\" data-element_type=\"widget\" data-e-type=\"widget\" data-settings=\"{&quot;classic_columns&quot;:&quot;1&quot;,&quot;pagination_type&quot;:&quot;numbers_and_prev_next&quot;,&quot;classic_columns_tablet&quot;:&quot;2&quot;,&quot;classic_columns_mobile&quot;:&quot;1&quot;,&quot;classic_row_gap&quot;:{&quot;unit&quot;:&quot;px&quot;,&quot;size&quot;:35,&quot;sizes&quot;:[]},&quot;classic_row_gap_tablet&quot;:{&quot;unit&quot;:&quot;px&quot;,&quot;size&quot;:&quot;&quot;,&quot;sizes&quot;:[]},&quot;classic_row_gap_mobile&quot;:{&quot;unit&quot;:&quot;px&quot;,&quot;size&quot;:&quot;&quot;,&quot;sizes&quot;:[]}}\" data-widget_type=\"posts.classic\">\n\t\t\t\t<div class=\"elementor-widget-container\">\n\t\t\t\t\t\t\t<div class=\"elementor-posts-container elementor-posts elementor-posts--skin-classic elementor-grid\" role=\"list\">\n\t\t\t\t<article class=\"elementor-post elementor-grid-item post-381 post type-post status-publish format-standard has-post-thumbnail hentry category-news-product-solutions\" role=\"listitem\">\n\t\t\t\t<a class=\"elementor-post__thumbnail__link\" href=\"https:\/\/liftronmh.com\/es\/how-to-extend-the-lifespan-of-your-forklift-fleet\/\" tabindex=\"-1\" target=\"&quot;_blank&quot;\">\n\t\t\t<div class=\"elementor-post__thumbnail\"><img fetchpriority=\"high\" decoding=\"async\" width=\"600\" height=\"660\" src=\"https:\/\/liftronmh.com\/wp-content\/uploads\/2025\/07\/Service-module-Service-and-Spare-Parts.jpg\" class=\"attachment-full size-full wp-image-114\" alt=\"\" srcset=\"https:\/\/liftronmh.com\/wp-content\/uploads\/2025\/07\/Service-module-Service-and-Spare-Parts.jpg 600w, https:\/\/liftronmh.com\/wp-content\/uploads\/2025\/07\/Service-module-Service-and-Spare-Parts-273x300.jpg 273w\" sizes=\"(max-width: 600px) 100vw, 600px\" \/><\/div>\n\t\t<\/a>\n\t\t\t\t<div class=\"elementor-post__text\">\n\t\t\t\t<h3 class=\"elementor-post__title\">\n\t\t\t<a href=\"https:\/\/liftronmh.com\/es\/how-to-extend-the-lifespan-of-your-forklift-fleet\/\" target=\"&quot;_blank&quot;\">\n\t\t\t\tC\u00f3mo prolongar la vida \u00fatil de su flota de carretillas elevadoras\t\t\t<\/a>\n\t\t<\/h3>\n\t\t\t\t<div class=\"elementor-post__meta-data\">\n\t\t\t\t\t<span class=\"elementor-post-date\">\n\t\t\t25 de julio de 2025\t\t<\/span>\n\t\t\t\t<\/div>\n\t\t\t\t<div class=\"elementor-post__excerpt\">\n\t\t\t<p>Introducci\u00f3n: Mantener una flota de carretillas elevadoras en buen estado es crucial para el buen funcionamiento de los almacenes. Sin embargo, el desgaste constante puede provocar un envejecimiento prematuro y una disminuci\u00f3n de la eficiencia. En esta gu\u00eda, exploraremos consejos pr\u00e1cticos para prolongar la vida \u00fatil de su flota de carretillas elevadoras, asegurando un rendimiento \u00f3ptimo y una larga vida \u00fatil. Rutina de mantenimiento regular: Implementar una<\/p>\n\t\t<\/div>\n\t\t\n\t\t<a class=\"elementor-post__read-more\" href=\"https:\/\/liftronmh.com\/es\/how-to-extend-the-lifespan-of-your-forklift-fleet\/\" aria-label=\"Read more about How to Extend the Lifespan of Your Forklift Fleet\" tabindex=\"-1\" target=\"_blank\">\n\t\t\tLeer M\u00e1s \u00bb\t\t<\/a>\n\n\t\t\t\t<\/div>\n\t\t\t\t<\/article>\n\t\t\t\t<article class=\"elementor-post elementor-grid-item post-379 post type-post status-publish format-standard has-post-thumbnail hentry category-news-product-solutions\" role=\"listitem\">\n\t\t\t\t<a class=\"elementor-post__thumbnail__link\" href=\"https:\/\/liftronmh.com\/es\/safety-first-essential-forklift-safety-practices-every-operator-should-know\/\" tabindex=\"-1\" target=\"&quot;_blank&quot;\">\n\t\t\t<div class=\"elementor-post__thumbnail\"><img decoding=\"async\" width=\"1053\" height=\"712\" src=\"https:\/\/liftronmh.com\/wp-content\/uploads\/2025\/12\/DD-color-bg.jpg\" class=\"attachment-full size-full wp-image-4334\" alt=\"\" srcset=\"https:\/\/liftronmh.com\/wp-content\/uploads\/2025\/12\/DD-color-bg.jpg 1053w, https:\/\/liftronmh.com\/wp-content\/uploads\/2025\/12\/DD-color-bg-300x203.jpg 300w, https:\/\/liftronmh.com\/wp-content\/uploads\/2025\/12\/DD-color-bg-1024x692.jpg 1024w, https:\/\/liftronmh.com\/wp-content\/uploads\/2025\/12\/DD-color-bg-768x519.jpg 768w\" sizes=\"(max-width: 1053px) 100vw, 1053px\" \/><\/div>\n\t\t<\/a>\n\t\t\t\t<div class=\"elementor-post__text\">\n\t\t\t\t<h3 class=\"elementor-post__title\">\n\t\t\t<a href=\"https:\/\/liftronmh.com\/es\/safety-first-essential-forklift-safety-practices-every-operator-should-know\/\" target=\"&quot;_blank&quot;\">\n\t\t\t\tLa seguridad ante todo: Pr\u00e1cticas esenciales de seguridad en carretillas elevadoras que todo operador debe conocer\t\t\t<\/a>\n\t\t<\/h3>\n\t\t\t\t<div class=\"elementor-post__meta-data\">\n\t\t\t\t\t<span class=\"elementor-post-date\">\n\t\t\t25 de julio de 2025\t\t<\/span>\n\t\t\t\t<\/div>\n\t\t\t\t<div class=\"elementor-post__excerpt\">\n\t\t\t<p>Sustituci\u00f3n proactiva de piezas: Ciertos componentes de las carretillas elevadoras son propensos a desgastarse con el tiempo. Sustituya proactivamente estas piezas antes de que fallen para evitar tiempos de inactividad y costosas reparaciones. Los componentes comunes que pueden requerir sustituci\u00f3n incluyen neum\u00e1ticos, frenos, mangueras hidr\u00e1ulicas y cojinetes. Lleve un registro de mantenimiento detallado para controlar la vida \u00fatil de los componentes.<\/p>\n\t\t<\/div>\n\t\t\n\t\t<a class=\"elementor-post__read-more\" href=\"https:\/\/liftronmh.com\/es\/safety-first-essential-forklift-safety-practices-every-operator-should-know\/\" aria-label=\"Read more about Safety First: Essential Forklift Safety Practices Every Operator Should Know\" tabindex=\"-1\" target=\"_blank\">\n\t\t\tLeer M\u00e1s \u00bb\t\t<\/a>\n\n\t\t\t\t<\/div>\n\t\t\t\t<\/article>\n\t\t\t\t<article class=\"elementor-post elementor-grid-item post-376 post type-post status-publish format-standard has-post-thumbnail hentry category-news-technology-innovation\" role=\"listitem\">\n\t\t\t\t<a class=\"elementor-post__thumbnail__link\" href=\"https:\/\/liftronmh.com\/es\/the-role-of-forklift-technology-in-modern-warehousing\/\" tabindex=\"-1\" target=\"&quot;_blank&quot;\">\n\t\t\t<div class=\"elementor-post__thumbnail\"><img decoding=\"async\" width=\"900\" height=\"900\" src=\"https:\/\/liftronmh.com\/wp-content\/uploads\/2025\/07\/Questions-module.jpg\" class=\"attachment-full size-full wp-image-284\" alt=\"\" srcset=\"https:\/\/liftronmh.com\/wp-content\/uploads\/2025\/07\/Questions-module.jpg 900w, https:\/\/liftronmh.com\/wp-content\/uploads\/2025\/07\/Questions-module-300x300.jpg 300w, https:\/\/liftronmh.com\/wp-content\/uploads\/2025\/07\/Questions-module-150x150.jpg 150w, https:\/\/liftronmh.com\/wp-content\/uploads\/2025\/07\/Questions-module-768x768.jpg 768w, https:\/\/liftronmh.com\/wp-content\/uploads\/2025\/07\/Questions-module-600x600.jpg 600w, https:\/\/liftronmh.com\/wp-content\/uploads\/2025\/07\/Questions-module-100x100.jpg 100w\" sizes=\"(max-width: 900px) 100vw, 900px\" \/><\/div>\n\t\t<\/a>\n\t\t\t\t<div class=\"elementor-post__text\">\n\t\t\t\t<h3 class=\"elementor-post__title\">\n\t\t\t<a href=\"https:\/\/liftronmh.com\/es\/the-role-of-forklift-technology-in-modern-warehousing\/\" target=\"&quot;_blank&quot;\">\n\t\t\t\tEl papel de la tecnolog\u00eda de las carretillas elevadoras en el almacenamiento moderno\t\t\t<\/a>\n\t\t<\/h3>\n\t\t\t\t<div class=\"elementor-post__meta-data\">\n\t\t\t\t\t<span class=\"elementor-post-date\">\n\t\t\t25 de julio de 2025\t\t<\/span>\n\t\t\t\t<\/div>\n\t\t\t\t<div class=\"elementor-post__excerpt\">\n\t\t\t<p>A medida que la tecnolog\u00eda sigue avanzando, los almacenes modernos adoptan soluciones innovadoras para mejorar la eficacia, la seguridad y la productividad. Las carretillas elevadoras, esenciales para la manipulaci\u00f3n de materiales dentro de los almacenes, tambi\u00e9n se est\u00e1n beneficiando de los avances tecnol\u00f3gicos. En este post, exploraremos el papel evolutivo de la tecnolog\u00eda de las carretillas elevadoras en los almacenes modernos y su impacto en las operaciones. Regular<\/p>\n\t\t<\/div>\n\t\t\n\t\t<a class=\"elementor-post__read-more\" href=\"https:\/\/liftronmh.com\/es\/the-role-of-forklift-technology-in-modern-warehousing\/\" aria-label=\"Read more about The Role of Forklift Technology in Modern Warehousing\" tabindex=\"-1\" target=\"_blank\">\n\t\t\tLeer M\u00e1s \u00bb\t\t<\/a>\n\n\t\t\t\t<\/div>\n\t\t\t\t<\/article>\n\t\t\t\t<article class=\"elementor-post elementor-grid-item post-1 post type-post status-publish format-standard has-post-thumbnail hentry category-news-product-solutions\" role=\"listitem\">\n\t\t\t\t<a class=\"elementor-post__thumbnail__link\" href=\"https:\/\/liftronmh.com\/es\/top-10-factors-to-consider-when-buying-a-forklift\/\" tabindex=\"-1\" target=\"&quot;_blank&quot;\">\n\t\t\t<div class=\"elementor-post__thumbnail\"><img loading=\"lazy\" decoding=\"async\" width=\"503\" height=\"501\" src=\"https:\/\/liftronmh.com\/wp-content\/uploads\/2025\/07\/KNOW-US-module-01.jpg\" class=\"attachment-full size-full wp-image-168\" alt=\"\" srcset=\"https:\/\/liftronmh.com\/wp-content\/uploads\/2025\/07\/KNOW-US-module-01.jpg 503w, https:\/\/liftronmh.com\/wp-content\/uploads\/2025\/07\/KNOW-US-module-01-300x300.jpg 300w, https:\/\/liftronmh.com\/wp-content\/uploads\/2025\/07\/KNOW-US-module-01-150x150.jpg 150w, https:\/\/liftronmh.com\/wp-content\/uploads\/2025\/07\/KNOW-US-module-01-100x100.jpg 100w\" sizes=\"(max-width: 503px) 100vw, 503px\" \/><\/div>\n\t\t<\/a>\n\t\t\t\t<div class=\"elementor-post__text\">\n\t\t\t\t<h3 class=\"elementor-post__title\">\n\t\t\t<a href=\"https:\/\/liftronmh.com\/es\/top-10-factors-to-consider-when-buying-a-forklift\/\" target=\"&quot;_blank&quot;\">\n\t\t\t\tLos 10 factores m\u00e1s importantes a tener en cuenta al comprar una carretilla elevadora\t\t\t<\/a>\n\t\t<\/h3>\n\t\t\t\t<div class=\"elementor-post__meta-data\">\n\t\t\t\t\t<span class=\"elementor-post-date\">\n\t\t\t23 de julio de 2025\t\t<\/span>\n\t\t\t\t<\/div>\n\t\t\t\t<div class=\"elementor-post__excerpt\">\n\t\t\t<p>A medida que la tecnolog\u00eda sigue avanzando, los almacenes modernos adoptan soluciones innovadoras para mejorar la eficacia, la seguridad y la productividad. Las carretillas elevadoras, esenciales para la manipulaci\u00f3n de materiales dentro de los almacenes, tambi\u00e9n se est\u00e1n beneficiando de los avances tecnol\u00f3gicos. En este post, exploraremos el papel evolutivo de la tecnolog\u00eda de las carretillas elevadoras en los almacenes modernos y su impacto en las operaciones. Regular<\/p>\n\t\t<\/div>\n\t\t\n\t\t<a class=\"elementor-post__read-more\" href=\"https:\/\/liftronmh.com\/es\/top-10-factors-to-consider-when-buying-a-forklift\/\" aria-label=\"Read more about Top 10 Factors to Consider When Buying a Forklift\" tabindex=\"-1\" target=\"_blank\">\n\t\t\tLeer M\u00e1s \u00bb\t\t<\/a>\n\n\t\t\t\t<\/div>\n\t\t\t\t<\/article>\n\t\t\t\t<\/div>\n\t\t\n\t\t\t\t\t\t<\/div>\n\t\t\t\t<\/div>\n\t\t\t\t\t<\/div>\n\t\t\t\t<\/div>\n\t\t\t\t<\/div>","protected":false},"excerpt":{"rendered":"<p>Noticias y eventos<\/p>","protected":false},"author":2,"featured_media":0,"parent":0,"menu_order":0,"comment_status":"closed","ping_status":"closed","template":"","meta":{"site-sidebar-layout":"no-sidebar","site-content-layout":"","ast-site-content-layout":"full-width-container","site-content-style":"default","site-sidebar-style":"default","ast-global-header-display":"","ast-banner-title-visibility":"","ast-main-header-display":"","ast-hfb-above-header-display":"","ast-hfb-below-header-display":"","ast-hfb-mobile-header-display":"","site-post-title":"disabled","ast-breadcrumbs-content":"","ast-featured-img":"disabled","footer-sml-layout":"","ast-disable-related-posts":"","theme-transparent-header-meta":"","adv-header-id-meta":"","stick-header-meta":"","header-above-stick-meta":"","header-main-stick-meta":"","header-below-stick-meta":"","astra-migrate-meta-layouts":"default","ast-page-background-enabled":"default","ast-page-background-meta":{"desktop":{"background-color":"var(--ast-global-color-5)","background-image":"","background-repeat":"repeat","background-position":"center center","background-size":"auto","background-attachment":"scroll","background-type":"","background-media":"","overlay-type":"","overlay-color":"","overlay-opacity":"","overlay-gradient":""},"tablet":{"background-color":"","background-image":"","background-repeat":"repeat","background-position":"center center","background-size":"auto","background-attachment":"scroll","background-type":"","background-media":"","overlay-type":"","overlay-color":"","overlay-opacity":"","overlay-gradient":""},"mobile":{"background-color":"","background-image":"","background-repeat":"repeat","background-position":"center center","background-size":"auto","background-attachment":"scroll","background-type":"","background-media":"","overlay-type":"","overlay-color":"","overlay-opacity":"","overlay-gradient":""}},"ast-content-background-meta":{"desktop":{"background-color":"var(--ast-global-color-4)","background-image":"","background-repeat":"repeat","background-position":"center center","background-size":"auto","background-attachment":"scroll","background-type":"","background-media":"","overlay-type":"","overlay-color":"","overlay-opacity":"","overlay-gradient":""},"tablet":{"background-color":"var(--ast-global-color-4)","background-image":"","background-repeat":"repeat","background-position":"center center","background-size":"auto","background-attachment":"scroll","background-type":"","background-media":"","overlay-type":"","overlay-color":"","overlay-opacity":"","overlay-gradient":""},"mobile":{"background-color":"var(--ast-global-color-4)","background-image":"","background-repeat":"repeat","background-position":"center center","background-size":"auto","background-attachment":"scroll","background-type":"","background-media":"","overlay-type":"","overlay-color":"","overlay-opacity":"","overlay-gradient":""}},"footnotes":""},"class_list":["post-2564","page","type-page","status-publish","hentry"],"_links":{"self":[{"href":"https:\/\/liftronmh.com\/es\/wp-json\/wp\/v2\/pages\/2564","targetHints":{"allow":["GET"]}}],"collection":[{"href":"https:\/\/liftronmh.com\/es\/wp-json\/wp\/v2\/pages"}],"about":[{"href":"https:\/\/liftronmh.com\/es\/wp-json\/wp\/v2\/types\/page"}],"author":[{"embeddable":true,"href":"https:\/\/liftronmh.com\/es\/wp-json\/wp\/v2\/users\/2"}],"replies":[{"embeddable":true,"href":"https:\/\/liftronmh.com\/es\/wp-json\/wp\/v2\/comments?post=2564"}],"version-history":[{"count":67,"href":"https:\/\/liftronmh.com\/es\/wp-json\/wp\/v2\/pages\/2564\/revisions"}],"predecessor-version":[{"id":5147,"href":"https:\/\/liftronmh.com\/es\/wp-json\/wp\/v2\/pages\/2564\/revisions\/5147"}],"wp:attachment":[{"href":"https:\/\/liftronmh.com\/es\/wp-json\/wp\/v2\/media?parent=2564"}],"curies":[{"name":"wp","href":"https:\/\/api.w.org\/{rel}","templated":true}]}}